{"id":5066,"date":"2025-04-09T01:03:49","date_gmt":"2025-04-09T01:03:49","guid":{"rendered":"https:\/\/refinmex.com\/inline\/?post_type=product&#038;p=5066"},"modified":"2025-04-09T01:04:44","modified_gmt":"2025-04-09T01:04:44","slug":"sistema-de-osmosis-inversa-industrial-axeon-l1-4000","status":"publish","type":"product","link":"https:\/\/refinmex.com\/inline\/producto\/sistema-de-osmosis-inversa-industrial-axeon-l1-4000\/","title":{"rendered":"Sistema de \u00f3smosis inversa industrial AXEON L1\u20134000"},"content":{"rendered":"","protected":false},"excerpt":{"rendered":"<ul>\n<li class=\"\" data-start=\"235\" data-end=\"306\">\n<p class=\"\" data-start=\"237\" data-end=\"306\"><strong data-start=\"237\" data-end=\"245\">Tipo<\/strong>: Sistema de \u00f3smosis inversa para aplicaciones industriales<\/p>\n<\/li>\n<li class=\"\" data-start=\"307\" data-end=\"368\">\n<p class=\"\" data-start=\"309\" data-end=\"368\"><strong data-start=\"309\" data-end=\"322\">Capacidad<\/strong>: 15,000 litros\/d\u00eda (dependiendo del modelo)<\/p>\n<\/li>\n<li class=\"\" data-start=\"369\" data-end=\"488\">\n<p class=\"\" data-start=\"371\" data-end=\"488\"><strong data-start=\"371\" data-end=\"386\">Componentes<\/strong>: Membranas de \u00f3smosis inversa, bomba de alta presi\u00f3n, sistema de control PLC, filtros de sedimentos<\/p>\n<\/li>\n<li class=\"\" data-start=\"489\" data-end=\"572\">\n<p class=\"\" data-start=\"491\" data-end=\"572\"><strong data-start=\"491\" data-end=\"505\">Materiales<\/strong>: Acero inoxidable y componentes en polietileno grado alimenticio<\/p>\n<\/li>\n<li class=\"\" data-start=\"573\" data-end=\"687\">\n<p class=\"\" data-start=\"575\" data-end=\"687\"><strong data-start=\"575\" data-end=\"589\">Aplicaci\u00f3n<\/strong>: Potabilizaci\u00f3n de agua de pozo o red para uso en laboratorios, plantas o industria alimentaria<\/p>\n<\/li>\n<\/ul>\n","protected":false},"featured_media":5077,"template":"","meta":{"site-sidebar-layout":"default","site-content-layout":"default","ast-site-content-layout":"default","site-content-style":"default","site-sidebar-style":"default","ast-global-header-display":"","ast-banner-title-visibility":"","ast-main-header-display":"","ast-hfb-above-header-display":"","ast-hfb-below-header-display":"","ast-hfb-mobile-header-display":"","site-post-title":"","ast-breadcrumbs-content":"","ast-featured-img":"","footer-sml-layout":"","theme-transparent-header-meta":"default","adv-header-id-meta":"","stick-header-meta":"","header-above-stick-meta":"","header-main-stick-meta":"","header-below-stick-meta":"","astra-migrate-meta-layouts":"set","ast-page-background-enabled":"default","ast-page-background-meta":{"desktop":{"background-color":"","background-image":"","background-repeat":"repeat","background-position":"center center","background-size":"auto","background-attachment":"scroll","background-type":"","background-media":"","overlay-type":"","overlay-color":"","overlay-opacity":"","overlay-gradient":""},"tablet":{"background-color":"","background-image":"","background-repeat":"repeat","background-position":"center center","background-size":"auto","background-attachment":"scroll","background-type":"","background-media":"","overlay-type":"","overlay-color":"","overlay-opacity":"","overlay-gradient":""},"mobile":{"background-color":"","background-image":"","background-repeat":"repeat","background-position":"center center","background-size":"auto","background-attachment":"scroll","background-type":"","background-media":"","overlay-type":"","overlay-color":"","overlay-opacity":"","overlay-gradient":""}},"ast-content-background-meta":{"desktop":{"background-color":"var(--ast-global-color-5)","background-image":"","background-repeat":"repeat","background-position":"center center","background-size":"auto","background-attachment":"scroll","background-type":"","background-media":"","overlay-type":"","overlay-color":"","overlay-opacity":"","overlay-gradient":""},"tablet":{"background-color":"var(--ast-global-color-5)","background-image":"","background-repeat":"repeat","background-position":"center center","background-size":"auto","background-attachment":"scroll","background-type":"","background-media":"","overlay-type":"","overlay-color":"","overlay-opacity":"","overlay-gradient":""},"mobile":{"background-color":"var(--ast-global-color-5)","background-image":"","background-repeat":"repeat","background-position":"center center","background-size":"auto","background-attachment":"scroll","background-type":"","background-media":"","overlay-type":"","overlay-color":"","overlay-opacity":"","overlay-gradient":""}}},"product_brand":[],"product_cat":[60],"product_tag":[],"class_list":{"0":"post-5066","1":"product","2":"type-product","3":"status-publish","4":"has-post-thumbnail","6":"product_cat-filtros-hidraulicos","7":"desktop-align-left","8":"tablet-align-left","9":"mobile-align-left","11":"first","12":"instock","13":"featured","14":"shipping-taxable","15":"product-type-variable"},"yoast_head":"<!-- This site is optimized with the Yoast SEO plugin v26.9 - https:\/\/yoast.com\/product\/yoast-seo-wordpress\/ -->\n<title>Sistema de \u00f3smosis inversa industrial AXEON L1\u20134000 - Refinmex<\/title>\n<meta name=\"robots\" content=\"index, follow, max-snippet:-1, max-image-preview:large, max-video-preview:-1\" \/>\n<link rel=\"canonical\" href=\"https:\/\/refinmex.com\/inline\/producto\/sistema-de-osmosis-inversa-industrial-axeon-l1-4000\/\" \/>\n<meta property=\"og:locale\" content=\"es_MX\" \/>\n<meta property=\"og:type\" content=\"article\" \/>\n<meta property=\"og:title\" content=\"Sistema de \u00f3smosis inversa industrial AXEON L1\u20134000 - Refinmex\" \/>\n<meta property=\"og:description\" content=\"Tipo: Sistema de \u00f3smosis inversa para aplicaciones industriales    Capacidad: 15,000 litros\/d\u00eda (dependiendo del modelo)    Componentes: Membranas de \u00f3smosis inversa, bomba de alta presi\u00f3n, sistema de control PLC, filtros de sedimentos    Materiales: Acero inoxidable y componentes en polietileno grado alimenticio    Aplicaci\u00f3n: Potabilizaci\u00f3n de agua de pozo o red para uso en laboratorios, plantas o industria alimentaria\" \/>\n<meta property=\"og:url\" content=\"https:\/\/refinmex.com\/inline\/producto\/sistema-de-osmosis-inversa-industrial-axeon-l1-4000\/\" \/>\n<meta property=\"og:site_name\" content=\"Refinmex\" \/>\n<meta property=\"article:modified_time\" content=\"2025-04-09T01:04:44+00:00\" \/>\n<meta property=\"og:image\" content=\"https:\/\/refinmex.com\/inline\/wp-content\/uploads\/2025\/04\/equipo-osmosis-inversa-industrial-alta-produccion-oi2180.png\" \/>\n\t<meta property=\"og:image:width\" content=\"800\" \/>\n\t<meta property=\"og:image:height\" content=\"800\" \/>\n\t<meta property=\"og:image:type\" content=\"image\/png\" \/>\n<meta name=\"twitter:card\" content=\"summary_large_image\" \/>\n<meta name=\"twitter:label1\" content=\"Tiempo de lectura\" \/>\n\t<meta name=\"twitter:data1\" content=\"1 minuto\" \/>\n<script type=\"application\/ld+json\" class=\"yoast-schema-graph\">{\"@context\":\"https:\/\/schema.org\",\"@graph\":[{\"@type\":\"WebPage\",\"@id\":\"https:\/\/refinmex.com\/inline\/producto\/sistema-de-osmosis-inversa-industrial-axeon-l1-4000\/\",\"url\":\"https:\/\/refinmex.com\/inline\/producto\/sistema-de-osmosis-inversa-industrial-axeon-l1-4000\/\",\"name\":\"Sistema de \u00f3smosis inversa industrial AXEON L1\u20134000 - Refinmex\",\"isPartOf\":{\"@id\":\"https:\/\/refinmex.com\/inline\/#website\"},\"primaryImageOfPage\":{\"@id\":\"https:\/\/refinmex.com\/inline\/producto\/sistema-de-osmosis-inversa-industrial-axeon-l1-4000\/#primaryimage\"},\"image\":{\"@id\":\"https:\/\/refinmex.com\/inline\/producto\/sistema-de-osmosis-inversa-industrial-axeon-l1-4000\/#primaryimage\"},\"thumbnailUrl\":\"https:\/\/refinmex.com\/inline\/wp-content\/uploads\/2025\/04\/equipo-osmosis-inversa-industrial-alta-produccion-oi2180.png\",\"datePublished\":\"2025-04-09T01:03:49+00:00\",\"dateModified\":\"2025-04-09T01:04:44+00:00\",\"breadcrumb\":{\"@id\":\"https:\/\/refinmex.com\/inline\/producto\/sistema-de-osmosis-inversa-industrial-axeon-l1-4000\/#breadcrumb\"},\"inLanguage\":\"es\",\"potentialAction\":[{\"@type\":\"ReadAction\",\"target\":[\"https:\/\/refinmex.com\/inline\/producto\/sistema-de-osmosis-inversa-industrial-axeon-l1-4000\/\"]}]},{\"@type\":\"ImageObject\",\"inLanguage\":\"es\",\"@id\":\"https:\/\/refinmex.com\/inline\/producto\/sistema-de-osmosis-inversa-industrial-axeon-l1-4000\/#primaryimage\",\"url\":\"https:\/\/refinmex.com\/inline\/wp-content\/uploads\/2025\/04\/equipo-osmosis-inversa-industrial-alta-produccion-oi2180.png\",\"contentUrl\":\"https:\/\/refinmex.com\/inline\/wp-content\/uploads\/2025\/04\/equipo-osmosis-inversa-industrial-alta-produccion-oi2180.png\",\"width\":800,\"height\":800},{\"@type\":\"BreadcrumbList\",\"@id\":\"https:\/\/refinmex.com\/inline\/producto\/sistema-de-osmosis-inversa-industrial-axeon-l1-4000\/#breadcrumb\",\"itemListElement\":[{\"@type\":\"ListItem\",\"position\":1,\"name\":\"Inicio\",\"item\":\"https:\/\/refinmex.com\/inline\/\"},{\"@type\":\"ListItem\",\"position\":2,\"name\":\"Store\",\"item\":\"https:\/\/refinmex.com\/inline\/store\/\"},{\"@type\":\"ListItem\",\"position\":3,\"name\":\"Sistema de \u00f3smosis inversa industrial AXEON L1\u20134000\"}]},{\"@type\":\"WebSite\",\"@id\":\"https:\/\/refinmex.com\/inline\/#website\",\"url\":\"https:\/\/refinmex.com\/inline\/\",\"name\":\"Refinmex\",\"description\":\"\",\"publisher\":{\"@id\":\"https:\/\/refinmex.com\/inline\/#organization\"},\"potentialAction\":[{\"@type\":\"SearchAction\",\"target\":{\"@type\":\"EntryPoint\",\"urlTemplate\":\"https:\/\/refinmex.com\/inline\/?s={search_term_string}\"},\"query-input\":{\"@type\":\"PropertyValueSpecification\",\"valueRequired\":true,\"valueName\":\"search_term_string\"}}],\"inLanguage\":\"es\"},{\"@type\":\"Organization\",\"@id\":\"https:\/\/refinmex.com\/inline\/#organization\",\"name\":\"Refinmex\",\"url\":\"https:\/\/refinmex.com\/inline\/\",\"logo\":{\"@type\":\"ImageObject\",\"inLanguage\":\"es\",\"@id\":\"https:\/\/refinmex.com\/inline\/#\/schema\/logo\/image\/\",\"url\":\"https:\/\/refinmex.com\/inline\/wp-content\/uploads\/2025\/03\/logo-trim.jpg\",\"contentUrl\":\"https:\/\/refinmex.com\/inline\/wp-content\/uploads\/2025\/03\/logo-trim.jpg\",\"width\":167,\"height\":60,\"caption\":\"Refinmex\"},\"image\":{\"@id\":\"https:\/\/refinmex.com\/inline\/#\/schema\/logo\/image\/\"}}]}<\/script>\n<!-- \/ Yoast SEO plugin. -->","yoast_head_json":{"title":"Sistema de \u00f3smosis inversa industrial AXEON L1\u20134000 - Refinmex","robots":{"index":"index","follow":"follow","max-snippet":"max-snippet:-1","max-image-preview":"max-image-preview:large","max-video-preview":"max-video-preview:-1"},"canonical":"https:\/\/refinmex.com\/inline\/producto\/sistema-de-osmosis-inversa-industrial-axeon-l1-4000\/","og_locale":"es_MX","og_type":"article","og_title":"Sistema de \u00f3smosis inversa industrial AXEON L1\u20134000 - Refinmex","og_description":"Tipo: Sistema de \u00f3smosis inversa para aplicaciones industriales    Capacidad: 15,000 litros\/d\u00eda (dependiendo del modelo)    Componentes: Membranas de \u00f3smosis inversa, bomba de alta presi\u00f3n, sistema de control PLC, filtros de sedimentos    Materiales: Acero inoxidable y componentes en polietileno grado alimenticio    Aplicaci\u00f3n: Potabilizaci\u00f3n de agua de pozo o red para uso en laboratorios, plantas o industria alimentaria","og_url":"https:\/\/refinmex.com\/inline\/producto\/sistema-de-osmosis-inversa-industrial-axeon-l1-4000\/","og_site_name":"Refinmex","article_modified_time":"2025-04-09T01:04:44+00:00","og_image":[{"width":800,"height":800,"url":"https:\/\/refinmex.com\/inline\/wp-content\/uploads\/2025\/04\/equipo-osmosis-inversa-industrial-alta-produccion-oi2180.png","type":"image\/png"}],"twitter_card":"summary_large_image","twitter_misc":{"Tiempo de lectura":"1 minuto"},"schema":{"@context":"https:\/\/schema.org","@graph":[{"@type":"WebPage","@id":"https:\/\/refinmex.com\/inline\/producto\/sistema-de-osmosis-inversa-industrial-axeon-l1-4000\/","url":"https:\/\/refinmex.com\/inline\/producto\/sistema-de-osmosis-inversa-industrial-axeon-l1-4000\/","name":"Sistema de \u00f3smosis inversa industrial AXEON L1\u20134000 - Refinmex","isPartOf":{"@id":"https:\/\/refinmex.com\/inline\/#website"},"primaryImageOfPage":{"@id":"https:\/\/refinmex.com\/inline\/producto\/sistema-de-osmosis-inversa-industrial-axeon-l1-4000\/#primaryimage"},"image":{"@id":"https:\/\/refinmex.com\/inline\/producto\/sistema-de-osmosis-inversa-industrial-axeon-l1-4000\/#primaryimage"},"thumbnailUrl":"https:\/\/refinmex.com\/inline\/wp-content\/uploads\/2025\/04\/equipo-osmosis-inversa-industrial-alta-produccion-oi2180.png","datePublished":"2025-04-09T01:03:49+00:00","dateModified":"2025-04-09T01:04:44+00:00","breadcrumb":{"@id":"https:\/\/refinmex.com\/inline\/producto\/sistema-de-osmosis-inversa-industrial-axeon-l1-4000\/#breadcrumb"},"inLanguage":"es","potentialAction":[{"@type":"ReadAction","target":["https:\/\/refinmex.com\/inline\/producto\/sistema-de-osmosis-inversa-industrial-axeon-l1-4000\/"]}]},{"@type":"ImageObject","inLanguage":"es","@id":"https:\/\/refinmex.com\/inline\/producto\/sistema-de-osmosis-inversa-industrial-axeon-l1-4000\/#primaryimage","url":"https:\/\/refinmex.com\/inline\/wp-content\/uploads\/2025\/04\/equipo-osmosis-inversa-industrial-alta-produccion-oi2180.png","contentUrl":"https:\/\/refinmex.com\/inline\/wp-content\/uploads\/2025\/04\/equipo-osmosis-inversa-industrial-alta-produccion-oi2180.png","width":800,"height":800},{"@type":"BreadcrumbList","@id":"https:\/\/refinmex.com\/inline\/producto\/sistema-de-osmosis-inversa-industrial-axeon-l1-4000\/#breadcrumb","itemListElement":[{"@type":"ListItem","position":1,"name":"Inicio","item":"https:\/\/refinmex.com\/inline\/"},{"@type":"ListItem","position":2,"name":"Store","item":"https:\/\/refinmex.com\/inline\/store\/"},{"@type":"ListItem","position":3,"name":"Sistema de \u00f3smosis inversa industrial AXEON L1\u20134000"}]},{"@type":"WebSite","@id":"https:\/\/refinmex.com\/inline\/#website","url":"https:\/\/refinmex.com\/inline\/","name":"Refinmex","description":"","publisher":{"@id":"https:\/\/refinmex.com\/inline\/#organization"},"potentialAction":[{"@type":"SearchAction","target":{"@type":"EntryPoint","urlTemplate":"https:\/\/refinmex.com\/inline\/?s={search_term_string}"},"query-input":{"@type":"PropertyValueSpecification","valueRequired":true,"valueName":"search_term_string"}}],"inLanguage":"es"},{"@type":"Organization","@id":"https:\/\/refinmex.com\/inline\/#organization","name":"Refinmex","url":"https:\/\/refinmex.com\/inline\/","logo":{"@type":"ImageObject","inLanguage":"es","@id":"https:\/\/refinmex.com\/inline\/#\/schema\/logo\/image\/","url":"https:\/\/refinmex.com\/inline\/wp-content\/uploads\/2025\/03\/logo-trim.jpg","contentUrl":"https:\/\/refinmex.com\/inline\/wp-content\/uploads\/2025\/03\/logo-trim.jpg","width":167,"height":60,"caption":"Refinmex"},"image":{"@id":"https:\/\/refinmex.com\/inline\/#\/schema\/logo\/image\/"}}]}},"_links":{"self":[{"href":"https:\/\/refinmex.com\/inline\/wp-json\/wp\/v2\/product\/5066","targetHints":{"allow":["GET"]}}],"collection":[{"href":"https:\/\/refinmex.com\/inline\/wp-json\/wp\/v2\/product"}],"about":[{"href":"https:\/\/refinmex.com\/inline\/wp-json\/wp\/v2\/types\/product"}],"version-history":[{"count":1,"href":"https:\/\/refinmex.com\/inline\/wp-json\/wp\/v2\/product\/5066\/revisions"}],"predecessor-version":[{"id":5078,"href":"https:\/\/refinmex.com\/inline\/wp-json\/wp\/v2\/product\/5066\/revisions\/5078"}],"wp:featuredmedia":[{"embeddable":true,"href":"https:\/\/refinmex.com\/inline\/wp-json\/wp\/v2\/media\/5077"}],"wp:attachment":[{"href":"https:\/\/refinmex.com\/inline\/wp-json\/wp\/v2\/media?parent=5066"}],"wp:term":[{"taxonomy":"product_brand","embeddable":true,"href":"https:\/\/refinmex.com\/inline\/wp-json\/wp\/v2\/product_brand?post=5066"},{"taxonomy":"product_cat","embeddable":true,"href":"https:\/\/refinmex.com\/inline\/wp-json\/wp\/v2\/product_cat?post=5066"},{"taxonomy":"product_tag","embeddable":true,"href":"https:\/\/refinmex.com\/inline\/wp-json\/wp\/v2\/product_tag?post=5066"}],"curies":[{"name":"wp","href":"https:\/\/api.w.org\/{rel}","templated":true}]}}